{"id":7041,"date":"2022-11-25T09:50:51","date_gmt":"2022-11-25T09:50:51","guid":{"rendered":"https:\/\/demo2wpopal.b-cdn.net\/freshio\/product\/rustic-bronze-plate\/"},"modified":"2024-04-02T08:35:39","modified_gmt":"2024-04-02T08:35:39","slug":"rustic-bronze-plate","status":"publish","type":"product","link":"https:\/\/greenupfood.ro\/index.php\/product\/rustic-bronze-plate\/","title":{"rendered":"Macarons cu zmeur\u0103"},"content":{"rendered":"<p>Un mix echilibrat de zmeur\u0103 proasp\u0103t\u0103 \u0219i crem\u0103 de vanilie.<\/p>\n","protected":false},"excerpt":{"rendered":"<p>Un mix echilibrat de zmeur\u0103 proasp\u0103t\u0103 \u0219i crem\u0103 de vanilie.<\/p>\n","protected":false},"featured_media":7074,"comment_status":"open","ping_status":"closed","template":"","meta":{"inline_featured_image":false},"product_cat":[15,81],"product_tag":[146,145,144],"class_list":{"0":"post-7041","1":"product","2":"type-product","3":"status-publish","4":"has-post-thumbnail","6":"product_cat-uncategorized","7":"product_cat-freshio-category","8":"product_tag-macarons","9":"product_tag-vanilie","10":"product_tag-zmeura","12":"first","13":"instock","14":"virtual","15":"purchasable","16":"product-type-simple"},"_links":{"self":[{"href":"https:\/\/greenupfood.ro\/index.php\/wp-json\/wp\/v2\/product\/7041","targetHints":{"allow":["GET"]}}],"collection":[{"href":"https:\/\/greenupfood.ro\/index.php\/wp-json\/wp\/v2\/product"}],"about":[{"href":"https:\/\/greenupfood.ro\/index.php\/wp-json\/wp\/v2\/types\/product"}],"replies":[{"embeddable":true,"href":"https:\/\/greenupfood.ro\/index.php\/wp-json\/wp\/v2\/comments?post=7041"}],"wp:featuredmedia":[{"embeddable":true,"href":"https:\/\/greenupfood.ro\/index.php\/wp-json\/wp\/v2\/media\/7074"}],"wp:attachment":[{"href":"https:\/\/greenupfood.ro\/index.php\/wp-json\/wp\/v2\/media?parent=7041"}],"wp:term":[{"taxonomy":"product_cat","embeddable":true,"href":"https:\/\/greenupfood.ro\/index.php\/wp-json\/wp\/v2\/product_cat?post=7041"},{"taxonomy":"product_tag","embeddable":true,"href":"https:\/\/greenupfood.ro\/index.php\/wp-json\/wp\/v2\/product_tag?post=7041"}],"curies":[{"name":"wp","href":"https:\/\/api.w.org\/{rel}","templated":true}]}}