{"id":7035,"date":"2022-11-25T09:50:50","date_gmt":"2022-11-25T09:50:50","guid":{"rendered":"https:\/\/demo2wpopal.b-cdn.net\/freshio\/product\/incredible-iron-table\/"},"modified":"2024-04-02T09:05:29","modified_gmt":"2024-04-02T09:05:29","slug":"incredible-iron-table","status":"publish","type":"product","link":"https:\/\/greenupfood.ro\/index.php\/product\/incredible-iron-table\/","title":{"rendered":"Tart\u0103 cu l\u0103m\u00e2ie"},"content":{"rendered":"<p>Tart\u0103 cu gust intens de l\u0103m\u00e2ie, f\u0103r\u0103 zah\u0103r.<\/p>\n","protected":false},"excerpt":{"rendered":"<p>Tart\u0103 cu gust intens de l\u0103m\u00e2ie, f\u0103r\u0103 zah\u0103r.<\/p>\n","protected":false},"featured_media":7076,"comment_status":"closed","ping_status":"closed","template":"","meta":{"inline_featured_image":false},"product_cat":[15,81],"product_tag":[148,147],"class_list":{"0":"post-7035","1":"product","2":"type-product","3":"status-publish","4":"has-post-thumbnail","6":"product_cat-uncategorized","7":"product_cat-freshio-category","8":"product_tag-lamaie","9":"product_tag-tarta","11":"first","12":"instock","13":"sale","14":"virtual","15":"purchasable","16":"product-type-simple"},"_links":{"self":[{"href":"https:\/\/greenupfood.ro\/index.php\/wp-json\/wp\/v2\/product\/7035","targetHints":{"allow":["GET"]}}],"collection":[{"href":"https:\/\/greenupfood.ro\/index.php\/wp-json\/wp\/v2\/product"}],"about":[{"href":"https:\/\/greenupfood.ro\/index.php\/wp-json\/wp\/v2\/types\/product"}],"replies":[{"embeddable":true,"href":"https:\/\/greenupfood.ro\/index.php\/wp-json\/wp\/v2\/comments?post=7035"}],"wp:featuredmedia":[{"embeddable":true,"href":"https:\/\/greenupfood.ro\/index.php\/wp-json\/wp\/v2\/media\/7076"}],"wp:attachment":[{"href":"https:\/\/greenupfood.ro\/index.php\/wp-json\/wp\/v2\/media?parent=7035"}],"wp:term":[{"taxonomy":"product_cat","embeddable":true,"href":"https:\/\/greenupfood.ro\/index.php\/wp-json\/wp\/v2\/product_cat?post=7035"},{"taxonomy":"product_tag","embeddable":true,"href":"https:\/\/greenupfood.ro\/index.php\/wp-json\/wp\/v2\/product_tag?post=7035"}],"curies":[{"name":"wp","href":"https:\/\/api.w.org\/{rel}","templated":true}]}}