{"id":7034,"date":"2022-11-25T09:50:50","date_gmt":"2022-11-25T09:50:50","guid":{"rendered":"https:\/\/demo2wpopal.b-cdn.net\/freshio\/product\/aerodynamic-plastic-knife\/"},"modified":"2024-04-02T08:41:15","modified_gmt":"2024-04-02T08:41:15","slug":"aerodynamic-plastic-knife","status":"publish","type":"product","link":"https:\/\/greenupfood.ro\/index.php\/product\/aerodynamic-plastic-knife\/","title":{"rendered":"Tort Pavlova reinterpretat"},"content":{"rendered":"<p>O nou\u0103 variant\u0103 a celebrului tort Pavlova, f\u0103r\u0103 zah\u0103r \u0219i cu un gust intens de fructe de p\u0103dure.<\/p>\n","protected":false},"excerpt":{"rendered":"<p>O nou\u0103 variant\u0103 a celebrului tort Pavlova, f\u0103r\u0103 zah\u0103r \u0219i cu un gust intens de fructe de p\u0103dure.<\/p>\n","protected":false},"featured_media":7077,"comment_status":"open","ping_status":"closed","template":"","meta":{"inline_featured_image":false},"product_cat":[15,81],"product_tag":[150,149],"class_list":{"0":"post-7034","1":"product","2":"type-product","3":"status-publish","4":"has-post-thumbnail","6":"product_cat-uncategorized","7":"product_cat-freshio-category","8":"product_tag-pavlova","9":"product_tag-tort","11":"first","12":"instock","13":"sale","14":"featured","15":"shipping-taxable","16":"purchasable","17":"product-type-simple"},"_links":{"self":[{"href":"https:\/\/greenupfood.ro\/index.php\/wp-json\/wp\/v2\/product\/7034","targetHints":{"allow":["GET"]}}],"collection":[{"href":"https:\/\/greenupfood.ro\/index.php\/wp-json\/wp\/v2\/product"}],"about":[{"href":"https:\/\/greenupfood.ro\/index.php\/wp-json\/wp\/v2\/types\/product"}],"replies":[{"embeddable":true,"href":"https:\/\/greenupfood.ro\/index.php\/wp-json\/wp\/v2\/comments?post=7034"}],"wp:featuredmedia":[{"embeddable":true,"href":"https:\/\/greenupfood.ro\/index.php\/wp-json\/wp\/v2\/media\/7077"}],"wp:attachment":[{"href":"https:\/\/greenupfood.ro\/index.php\/wp-json\/wp\/v2\/media?parent=7034"}],"wp:term":[{"taxonomy":"product_cat","embeddable":true,"href":"https:\/\/greenupfood.ro\/index.php\/wp-json\/wp\/v2\/product_cat?post=7034"},{"taxonomy":"product_tag","embeddable":true,"href":"https:\/\/greenupfood.ro\/index.php\/wp-json\/wp\/v2\/product_tag?post=7034"}],"curies":[{"name":"wp","href":"https:\/\/api.w.org\/{rel}","templated":true}]}}