{"id":12,"date":"2024-04-01T13:13:59","date_gmt":"2024-04-01T13:13:59","guid":{"rendered":"https:\/\/greenupfood.ro\/index.php\/cart\/"},"modified":"2024-04-01T13:13:59","modified_gmt":"2024-04-01T13:13:59","slug":"cart","status":"publish","type":"page","link":"https:\/\/greenupfood.ro\/index.php\/cart\/","title":{"rendered":"Cart"},"content":{"rendered":"<div data-block-name=\"woocommerce\/cart\" class=\"wp-block-woocommerce-cart alignwide is-loading\"><div data-block-name=\"woocommerce\/filled-cart-block\" class=\"wp-block-woocommerce-filled-cart-block\"><div data-block-name=\"woocommerce\/cart-items-block\" class=\"wp-block-woocommerce-cart-items-block\"><div data-block-name=\"woocommerce\/cart-line-items-block\" class=\"wp-block-woocommerce-cart-line-items-block\"><\/div>\n\n<div data-block-name=\"woocommerce\/cart-cross-sells-block\" class=\"wp-block-woocommerce-cart-cross-sells-block\">\n<h2 class=\"wp-block-heading has-large-font-size\">You may be interested in\u2026<\/h2>\n\n\n<div data-block-name=\"woocommerce\/cart-cross-sells-products-block\" class=\"wp-block-woocommerce-cart-cross-sells-products-block\"><\/div><\/div><\/div>\n\n<div data-block-name=\"woocommerce\/cart-totals-block\" class=\"wp-block-woocommerce-cart-totals-block\"><div data-block-name=\"woocommerce\/cart-order-summary-block\" class=\"wp-block-woocommerce-cart-order-summary-block\"><div data-block-name=\"woocommerce\/cart-order-summary-heading-block\" class=\"wp-block-woocommerce-cart-order-summary-heading-block\"><\/div>\n\n<div data-block-name=\"woocommerce\/cart-order-summary-coupon-form-block\" class=\"wp-block-woocommerce-cart-order-summary-coupon-form-block\"><\/div>\n\n<div data-block-name=\"woocommerce\/cart-order-summary-subtotal-block\" class=\"wp-block-woocommerce-cart-order-summary-subtotal-block\"><\/div>\n\n<div data-block-name=\"woocommerce\/cart-order-summary-fee-block\" class=\"wp-block-woocommerce-cart-order-summary-fee-block\"><\/div>\n\n<div data-block-name=\"woocommerce\/cart-order-summary-discount-block\" class=\"wp-block-woocommerce-cart-order-summary-discount-block\"><\/div>\n\n<div data-block-name=\"woocommerce\/cart-order-summary-shipping-block\" class=\"wp-block-woocommerce-cart-order-summary-shipping-block\"><\/div>\n\n<div data-block-name=\"woocommerce\/cart-order-summary-taxes-block\" class=\"wp-block-woocommerce-cart-order-summary-taxes-block\"><\/div><\/div>\n\n<div data-block-name=\"woocommerce\/cart-express-payment-block\" class=\"wp-block-woocommerce-cart-express-payment-block\"><\/div>\n\n<div data-block-name=\"woocommerce\/proceed-to-checkout-block\" class=\"wp-block-woocommerce-proceed-to-checkout-block\"><\/div>\n\n<div data-block-name=\"woocommerce\/cart-accepted-payment-methods-block\" class=\"wp-block-woocommerce-cart-accepted-payment-methods-block\"><\/div><\/div><\/div>\n\n<div data-block-name=\"woocommerce\/empty-cart-block\" class=\"wp-block-woocommerce-empty-cart-block\">\n<h2 class=\"wp-block-heading has-text-align-center with-empty-cart-icon wc-block-cart__empty-cart__title\">Your cart is currently empty!<\/h2>\n\n\n\n<hr class=\"wp-block-separator has-alpha-channel-opacity is-style-dots\"\/>\n\n\n\n<h2 class=\"wp-block-heading has-text-align-center\">New in store<\/h2>\n\n\n<div data-block-name=\"woocommerce\/product-new\" data-columns=\"4\" data-rows=\"1\" class=\"wc-block-grid wp-block-product-new wc-block-product-new has-4-columns\"><ul class=\"wc-block-grid__products\"><li class=\"wc-block-grid__product\">\n\t\t\t\t<a href=\"https:\/\/greenupfood.ro\/index.php\/product\/brownie\/\" class=\"wc-block-grid__product-link\">\n\t\t\t\t\t<div class=\"wc-block-grid__product-onsale\">\n\t\t\t<span aria-hidden=\"true\">Sale<\/span>\n\t\t\t<span class=\"screen-reader-text\">Product on sale<\/span>\n\t\t<\/div>\n\t\t\t\t\t<div class=\"wc-block-grid__product-image\"><img fetchpriority=\"high\" decoding=\"async\" width=\"450\" height=\"450\" src=\"https:\/\/greenupfood.ro\/wp-content\/uploads\/2024\/04\/brow-450x450.jpg\" class=\"attachment-woocommerce_thumbnail size-woocommerce_thumbnail\" alt=\"Brownie\" srcset=\"https:\/\/greenupfood.ro\/wp-content\/uploads\/2024\/04\/brow-450x450.jpg 450w, https:\/\/greenupfood.ro\/wp-content\/uploads\/2024\/04\/brow-150x150.jpg 150w, https:\/\/greenupfood.ro\/wp-content\/uploads\/2024\/04\/brow-100x100.jpg 100w, https:\/\/greenupfood.ro\/wp-content\/uploads\/2024\/04\/brow-50x50.jpg 50w, https:\/\/greenupfood.ro\/wp-content\/uploads\/2024\/04\/brow-600x600.jpg 600w, https:\/\/greenupfood.ro\/wp-content\/uploads\/2024\/04\/brow-96x96.jpg 96w, https:\/\/greenupfood.ro\/wp-content\/uploads\/2024\/04\/brow-460x460.jpg 460w\" sizes=\"(max-width: 450px) 100vw, 450px\" \/><\/div>\n\t\t\t\t\t<div class=\"wc-block-grid__product-title\">Brownie<\/div>\n\t\t\t\t<\/a>\n\t\t\t\t<div class=\"wc-block-grid__product-price price\"><del aria-hidden=\"true\"><span class=\"woocommerce-Price-amount amount\">35,00&nbsp;<span class=\"woocommerce-Price-currencySymbol\">lei<\/span><\/span><\/del> <ins><span class=\"woocommerce-Price-amount amount\">20,00&nbsp;<span class=\"woocommerce-Price-currencySymbol\">lei<\/span><\/span><\/ins><\/div>\n\t\t\t\t\n\t\t\t\t<div class=\"wp-block-button wc-block-grid__product-add-to-cart\"><a href=\"?add-to-cart=7101\" aria-label=\"Add to cart: &ldquo;Brownie&rdquo;\" data-quantity=\"1\" data-product_id=\"7101\" data-product_sku=\"\" data-price=\"20\" rel=\"nofollow\" class=\"wp-block-button__link  add_to_cart_button ajax_add_to_cart\">Add to cart<\/a><\/div>\n\t\t\t<\/li><li class=\"wc-block-grid__product\">\n\t\t\t\t<a href=\"https:\/\/greenupfood.ro\/index.php\/product\/rustic-bronze-plate\/\" class=\"wc-block-grid__product-link\">\n\t\t\t\t\t\n\t\t\t\t\t<div class=\"wc-block-grid__product-image\"><img decoding=\"async\" width=\"450\" height=\"450\" src=\"https:\/\/greenupfood.ro\/wp-content\/uploads\/2024\/04\/macarons-2548827_1280-450x450.jpg\" class=\"attachment-woocommerce_thumbnail size-woocommerce_thumbnail\" alt=\"Macarons cu zmeur\u0103\" srcset=\"https:\/\/greenupfood.ro\/wp-content\/uploads\/2024\/04\/macarons-2548827_1280-450x450.jpg 450w, https:\/\/greenupfood.ro\/wp-content\/uploads\/2024\/04\/macarons-2548827_1280-150x150.jpg 150w, https:\/\/greenupfood.ro\/wp-content\/uploads\/2024\/04\/macarons-2548827_1280-100x100.jpg 100w, https:\/\/greenupfood.ro\/wp-content\/uploads\/2024\/04\/macarons-2548827_1280-50x50.jpg 50w, https:\/\/greenupfood.ro\/wp-content\/uploads\/2024\/04\/macarons-2548827_1280-600x600.jpg 600w, https:\/\/greenupfood.ro\/wp-content\/uploads\/2024\/04\/macarons-2548827_1280-96x96.jpg 96w, https:\/\/greenupfood.ro\/wp-content\/uploads\/2024\/04\/macarons-2548827_1280-460x460.jpg 460w\" sizes=\"(max-width: 450px) 100vw, 450px\" \/><\/div>\n\t\t\t\t\t<div class=\"wc-block-grid__product-title\">Macarons cu zmeur\u0103<\/div>\n\t\t\t\t<\/a>\n\t\t\t\t<div class=\"wc-block-grid__product-price price\"><span class=\"woocommerce-Price-amount amount\">30,00&nbsp;<span class=\"woocommerce-Price-currencySymbol\">lei<\/span><\/span><\/div>\n\t\t\t\t\n\t\t\t\t<div class=\"wp-block-button wc-block-grid__product-add-to-cart\"><a href=\"?add-to-cart=7041\" aria-label=\"Add to cart: &ldquo;Macarons cu zmeur\u0103&rdquo;\" data-quantity=\"1\" data-product_id=\"7041\" data-product_sku=\"rustic-bronze-plate-55797054\" data-price=\"30\" rel=\"nofollow\" class=\"wp-block-button__link  add_to_cart_button ajax_add_to_cart\">Add to cart<\/a><\/div>\n\t\t\t<\/li><li class=\"wc-block-grid__product\">\n\t\t\t\t<a href=\"https:\/\/greenupfood.ro\/index.php\/product\/heavy-duty-plastic-clock\/\" class=\"wc-block-grid__product-link\">\n\t\t\t\t\t\n\t\t\t\t\t<div class=\"wc-block-grid__product-image\"><img decoding=\"async\" width=\"450\" height=\"450\" src=\"https:\/\/greenupfood.ro\/wp-content\/uploads\/2022\/11\/para-450x450.jpg\" class=\"attachment-woocommerce_thumbnail size-woocommerce_thumbnail\" alt=\"Par\u0103 cu vin\" srcset=\"https:\/\/greenupfood.ro\/wp-content\/uploads\/2022\/11\/para-450x450.jpg 450w, https:\/\/greenupfood.ro\/wp-content\/uploads\/2022\/11\/para-150x150.jpg 150w, https:\/\/greenupfood.ro\/wp-content\/uploads\/2022\/11\/para-100x100.jpg 100w, https:\/\/greenupfood.ro\/wp-content\/uploads\/2022\/11\/para-50x50.jpg 50w, https:\/\/greenupfood.ro\/wp-content\/uploads\/2022\/11\/para-600x600.jpg 600w, https:\/\/greenupfood.ro\/wp-content\/uploads\/2022\/11\/para-96x96.jpg 96w, https:\/\/greenupfood.ro\/wp-content\/uploads\/2022\/11\/para-460x460.jpg 460w\" sizes=\"(max-width: 450px) 100vw, 450px\" \/><\/div>\n\t\t\t\t\t<div class=\"wc-block-grid__product-title\">Par\u0103 cu vin<\/div>\n\t\t\t\t<\/a>\n\t\t\t\t<div class=\"wc-block-grid__product-price price\"><span class=\"woocommerce-Price-amount amount\">45,00&nbsp;<span class=\"woocommerce-Price-currencySymbol\">lei<\/span><\/span><\/div>\n\t\t\t\t\n\t\t\t\t<div class=\"wp-block-button wc-block-grid__product-add-to-cart\"><a href=\"?add-to-cart=7037\" aria-label=\"Add to cart: &ldquo;Par\u0103 cu vin&rdquo;\" data-quantity=\"1\" data-product_id=\"7037\" data-product_sku=\"heavy-duty-plastic-clock-35220695\" data-price=\"45\" rel=\"nofollow\" class=\"wp-block-button__link  add_to_cart_button ajax_add_to_cart\">Add to cart<\/a><\/div>\n\t\t\t<\/li><li class=\"wc-block-grid__product\">\n\t\t\t\t<a href=\"https:\/\/greenupfood.ro\/index.php\/product\/incredible-iron-table\/\" class=\"wc-block-grid__product-link\">\n\t\t\t\t\t<div class=\"wc-block-grid__product-onsale\">\n\t\t\t<span aria-hidden=\"true\">Sale<\/span>\n\t\t\t<span class=\"screen-reader-text\">Product on sale<\/span>\n\t\t<\/div>\n\t\t\t\t\t<div class=\"wc-block-grid__product-image\"><img loading=\"lazy\" decoding=\"async\" width=\"450\" height=\"450\" src=\"https:\/\/greenupfood.ro\/wp-content\/uploads\/2024\/04\/pie-lemon-5299060_1280-450x450.jpg\" class=\"attachment-woocommerce_thumbnail size-woocommerce_thumbnail\" alt=\"Tart\u0103 cu l\u0103m\u00e2ie\" srcset=\"https:\/\/greenupfood.ro\/wp-content\/uploads\/2024\/04\/pie-lemon-5299060_1280-450x450.jpg 450w, https:\/\/greenupfood.ro\/wp-content\/uploads\/2024\/04\/pie-lemon-5299060_1280-150x150.jpg 150w, https:\/\/greenupfood.ro\/wp-content\/uploads\/2024\/04\/pie-lemon-5299060_1280-100x100.jpg 100w, https:\/\/greenupfood.ro\/wp-content\/uploads\/2024\/04\/pie-lemon-5299060_1280-50x50.jpg 50w, https:\/\/greenupfood.ro\/wp-content\/uploads\/2024\/04\/pie-lemon-5299060_1280-600x600.jpg 600w, https:\/\/greenupfood.ro\/wp-content\/uploads\/2024\/04\/pie-lemon-5299060_1280-96x96.jpg 96w, https:\/\/greenupfood.ro\/wp-content\/uploads\/2024\/04\/pie-lemon-5299060_1280-460x460.jpg 460w\" sizes=\"(max-width: 450px) 100vw, 450px\" \/><\/div>\n\t\t\t\t\t<div class=\"wc-block-grid__product-title\">Tart\u0103 cu l\u0103m\u00e2ie<\/div>\n\t\t\t\t<\/a>\n\t\t\t\t<div class=\"wc-block-grid__product-price price\"><del aria-hidden=\"true\"><span class=\"woocommerce-Price-amount amount\">40,00&nbsp;<span class=\"woocommerce-Price-currencySymbol\">lei<\/span><\/span><\/del> <ins><span class=\"woocommerce-Price-amount amount\">30,00&nbsp;<span class=\"woocommerce-Price-currencySymbol\">lei<\/span><\/span><\/ins><\/div>\n\t\t\t\t\n\t\t\t\t<div class=\"wp-block-button wc-block-grid__product-add-to-cart\"><a href=\"?add-to-cart=7035\" aria-label=\"Add to cart: &ldquo;Tart\u0103 cu l\u0103m\u00e2ie&rdquo;\" data-quantity=\"1\" data-product_id=\"7035\" data-product_sku=\"incredible-iron-table-42587552\" data-price=\"30\" rel=\"nofollow\" class=\"wp-block-button__link  add_to_cart_button ajax_add_to_cart\">Add to cart<\/a><\/div>\n\t\t\t<\/li><\/ul><\/div><\/div><\/div>","protected":false},"excerpt":{"rendered":"","protected":false},"author":1,"featured_media":0,"parent":0,"menu_order":0,"comment_status":"closed","ping_status":"closed","template":"","meta":{"inline_featured_image":false,"footnotes":""},"class_list":["post-12","page","type-page","status-publish","hentry"],"_links":{"self":[{"href":"https:\/\/greenupfood.ro\/index.php\/wp-json\/wp\/v2\/pages\/12","targetHints":{"allow":["GET"]}}],"collection":[{"href":"https:\/\/greenupfood.ro\/index.php\/wp-json\/wp\/v2\/pages"}],"about":[{"href":"https:\/\/greenupfood.ro\/index.php\/wp-json\/wp\/v2\/types\/page"}],"author":[{"embeddable":true,"href":"https:\/\/greenupfood.ro\/index.php\/wp-json\/wp\/v2\/users\/1"}],"replies":[{"embeddable":true,"href":"https:\/\/greenupfood.ro\/index.php\/wp-json\/wp\/v2\/comments?post=12"}],"version-history":[{"count":0,"href":"https:\/\/greenupfood.ro\/index.php\/wp-json\/wp\/v2\/pages\/12\/revisions"}],"wp:attachment":[{"href":"https:\/\/greenupfood.ro\/index.php\/wp-json\/wp\/v2\/media?parent=12"}],"curies":[{"name":"wp","href":"https:\/\/api.w.org\/{rel}","templated":true}]}}